{"id":16,"date":"2015-09-21T19:19:18","date_gmt":"2015-09-21T17:19:18","guid":{"rendered":"http:\/\/moulindelafayolle.fr\/?page_id=16"},"modified":"2023-12-15T14:57:46","modified_gmt":"2023-12-15T13:57:46","slug":"contact","status":"publish","type":"page","link":"https:\/\/moulindelafayolle.fr\/fr\/contact\/","title":{"rendered":"Contact"},"content":{"rendered":"<p><iframe loading=\"lazy\" src=\"https:\/\/www.google.com\/maps\/embed?pb=!1m18!1m12!1m3!1d1075.1661686953837!2d2.9093594314837494!3d46.04952948405306!2m3!1f0!2f0!3f0!3m2!1i1024!2i768!4f13.1!3m3!1m2!1s0x47f737b73c587e5d%3A0x572eb7bc727aebda!2sMoulin+de+la+Fayolle%2C+63440%2C+Frankrijk!5e1!3m2!1snl!2snl!4v1447861657959\" width=\"600\" height=\"450\" frameborder=\"0\" allowfullscreen=\"allowfullscreen\"><\/iframe><\/p>\n<p><em>Bob &amp; Jos MUD<\/em><br \/><em>Lieu-dit Moulin de la Fayolle, D109<\/em><br \/><em>63440 Blot-l\u2019\u00c9glise, Frankrijk<\/em><\/p>\n<p><em><strong>Mobile\/Whatsapp: <\/strong>+33 6 30 47 36 27<\/em><\/p>\n<p><em><strong>E-mail:\u00a0 <\/strong><\/em><em>info@moulindelafayolle.fr<\/em><\/p>\n<p><strong>R\u00e9servations en ligne<\/strong><\/p>\n<p>Utilisez le formulaire de contact ci-dessous.<\/p>\n\n<div class=\"wpcf7 no-js\" id=\"wpcf7-f160-o1\" lang=\"nl-NL\" dir=\"ltr\" data-wpcf7-id=\"160\">\n<div class=\"screen-reader-response\"><p role=\"status\" aria-live=\"polite\" aria-atomic=\"true\"><\/p> <ul><\/ul><\/div>\n<form action=\"\/fr\/wp-json\/wp\/v2\/pages\/16#wpcf7-f160-o1\" method=\"post\" class=\"wpcf7-form init\" aria-label=\"Contact form\" novalidate=\"novalidate\" data-status=\"init\">\n<fieldset class=\"hidden-fields-container\"><input type=\"hidden\" name=\"_wpcf7\" value=\"160\" \/><input type=\"hidden\" name=\"_wpcf7_version\" value=\"6.1.5\" \/><input type=\"hidden\" name=\"_wpcf7_locale\" value=\"nl_NL\" \/><input type=\"hidden\" name=\"_wpcf7_unit_tag\" value=\"wpcf7-f160-o1\" \/><input type=\"hidden\" name=\"_wpcf7_container_post\" value=\"0\" \/><input type=\"hidden\" name=\"_wpcf7_posted_data_hash\" value=\"\" \/>\n<\/fieldset>\n<p>Uw naam\/your name\/votre nom\/Ihren Namen (verplicht\/oblig\u00e9\/obliged\/gezwungen)\n<\/p>\n<p><span class=\"wpcf7-form-control-wrap\" data-name=\"your-name\"><input size=\"40\" maxlength=\"400\" class=\"wpcf7-form-control wpcf7-text wpcf7-validates-as-required\" aria-required=\"true\" aria-invalid=\"false\" value=\"\" type=\"text\" name=\"your-name\" \/><\/span>\n<\/p>\n<p>Uw e-mail\/your e-mail\/votre adresse e-mail\/Ihre E-Mail-Adresse (verplicht\/oblig\u00e9\/obliged\/gezwungen)\n<\/p>\n<p><span class=\"wpcf7-form-control-wrap\" data-name=\"your-email\"><input size=\"40\" maxlength=\"400\" class=\"wpcf7-form-control wpcf7-email wpcf7-validates-as-required wpcf7-text wpcf7-validates-as-email\" aria-required=\"true\" aria-invalid=\"false\" value=\"\" type=\"email\" name=\"your-email\" \/><\/span>\n<\/p>\n<p>Welke kamer\/which accommodation\/quel logement\/welcher Raum?\n<\/p>\n<p><span class=\"wpcf7-form-control-wrap\" data-name=\"your-subject\"><input size=\"40\" maxlength=\"400\" class=\"wpcf7-form-control wpcf7-text\" aria-invalid=\"false\" value=\"\" type=\"text\" name=\"your-subject\" \/><\/span>\n<\/p>\n<p>Hoeveel personen\/how many persons\/combien de personnes\/wie viele Personen\n<\/p>\n<p><span class=\"wpcf7-form-control-wrap\" data-name=\"amount-person\"><input size=\"40\" maxlength=\"400\" class=\"wpcf7-form-control wpcf7-text\" aria-invalid=\"false\" value=\"\" type=\"text\" name=\"amount-person\" \/><\/span>\n<\/p>\n<p>Beschrijf uw gezelschap en wat uw wensen zijn\/describe your company and what your whishes are\/d\u00e9crivez votre compagnie et quels sont vos souhaits\/Beschreiben Sie Ihr Unternehmen und Ihre Wunsche\n<\/p>\n<p><span class=\"wpcf7-form-control-wrap\" data-name=\"your-message\"><textarea cols=\"40\" rows=\"10\" maxlength=\"2000\" class=\"wpcf7-form-control wpcf7-textarea\" aria-invalid=\"false\" name=\"your-message\"><\/textarea><\/span>\n<\/p>\n<p><input type=\"hidden\" name=\"contact_form_7_recaptcha\" value=\"g-recaptcha-BJhp0By1lYDUfgP\" class=\"g-recaptcha-explicit-id\"><div id=\"g-recaptcha-BJhp0By1lYDUfgP\"><\/div><span class=\"wpcf7-form-control-wrap g-recaptcha-explicit\" data-sitekey=\"6LfWSA0TAAAAAHqJaRWsL-kazBfrEdm7trW1oqoC\"><\/span>\n<\/p>\n<p><input class=\"wpcf7-form-control wpcf7-submit has-spinner\" type=\"submit\" value=\"verzenden\/send\/envoyer\/schicken\" \/>\n<\/p><p style=\"display: none !important;\" class=\"akismet-fields-container\" data-prefix=\"_wpcf7_ak_\"><label>&#916;<textarea name=\"_wpcf7_ak_hp_textarea\" cols=\"45\" rows=\"8\" maxlength=\"100\"><\/textarea><\/label><input type=\"hidden\" id=\"ak_js_1\" name=\"_wpcf7_ak_js\" value=\"85\"\/><script>document.getElementById( \"ak_js_1\" ).setAttribute( \"value\", ( new Date() ).getTime() );<\/script><\/p><div class=\"wpcf7-response-output\" aria-hidden=\"true\"><\/div>\n<\/form>\n<\/div>\n\n<p>Pour nos r\u00e8gles et conditions g\u00e9n\u00e9rales, cliquez <a href=\"https:\/\/moulindelafayolle.fr\/algemenevoorwaarden\/\" target=\"_blank\" rel=\"noopener noreferrer\">ici<\/a>.<\/p>\n\n","protected":false},"excerpt":{"rendered":"<p>Bob &amp; Jos MUDLieu-dit Moulin de la Fayolle, D10963440 Blot-l\u2019\u00c9glise, Frankrijk Mobile\/Whatsapp: +33 6 30 47 36 27 E-mail:\u00a0 info@moulindelafayolle.fr R\u00e9servations en ligne Utilisez le formulaire de contact ci-dessous. Pour nos r\u00e8gles et conditions g\u00e9n\u00e9rales, cliquez ici.<\/p>\n","protected":false},"author":1,"featured_media":0,"parent":0,"menu_order":0,"comment_status":"closed","ping_status":"closed","template":"","meta":{"footnotes":""},"class_list":["post-16","page","type-page","status-publish","hentry"],"translation":{"provider":"WPGlobus","version":"3.0.2","language":"fr","enabled_languages":["nl","en","fr"],"languages":{"nl":{"title":true,"content":true,"excerpt":false},"en":{"title":true,"content":true,"excerpt":false},"fr":{"title":true,"content":true,"excerpt":false}}},"yoast_head":"<!-- This site is optimized with the Yoast SEO plugin v27.3 - https:\/\/yoast.com\/product\/yoast-seo-wordpress\/ -->\n<title>Contact - Moulin de la Fayolle<\/title>\n<meta name=\"robots\" content=\"index, follow, max-snippet:-1, max-image-preview:large, max-video-preview:-1\" \/>\n<link rel=\"canonical\" href=\"https:\/\/moulindelafayolle.fr\/contact\/\" \/>\n<meta property=\"og:locale\" content=\"fr_FR\" \/>\n<meta property=\"og:type\" content=\"article\" \/>\n<meta property=\"og:title\" content=\"Contact - Moulin de la Fayolle\" \/>\n<meta property=\"og:url\" content=\"https:\/\/moulindelafayolle.fr\/contact\/\" \/>\n<meta property=\"og:site_name\" content=\"Moulin de la Fayolle\" \/>\n<meta property=\"article:modified_time\" content=\"2023-12-15T13:57:46+00:00\" \/>\n<meta name=\"twitter:card\" content=\"summary_large_image\" \/>\n<meta name=\"twitter:label1\" content=\"Est. reading time\" \/>\n\t<meta name=\"twitter:data1\" content=\"1 minute\" \/>\n<script type=\"application\/ld+json\" class=\"yoast-schema-graph\">{\"@context\":\"https:\\\/\\\/schema.org\",\"@graph\":[{\"@type\":\"WebPage\",\"@id\":\"https:\\\/\\\/moulindelafayolle.fr\\\/contact\\\/\",\"url\":\"https:\\\/\\\/moulindelafayolle.fr\\\/contact\\\/\",\"name\":\"Contact - Moulin de la Fayolle\",\"isPartOf\":{\"@id\":\"https:\\\/\\\/moulindelafayolle.fr\\\/#website\"},\"datePublished\":\"2015-09-21T17:19:18+00:00\",\"dateModified\":\"2023-12-15T13:57:46+00:00\",\"description\":\"\",\"breadcrumb\":{\"@id\":\"https:\\\/\\\/moulindelafayolle.fr\\\/contact\\\/#breadcrumb\"},\"inLanguage\":\"fr-FR\",\"potentialAction\":[{\"@type\":\"ReadAction\",\"target\":[\"https:\\\/\\\/moulindelafayolle.fr\\\/contact\\\/\"]}]},{\"@type\":\"BreadcrumbList\",\"@id\":\"https:\\\/\\\/moulindelafayolle.fr\\\/contact\\\/#breadcrumb\",\"itemListElement\":[{\"@type\":\"ListItem\",\"position\":1,\"name\":\"Home\",\"item\":\"https:\\\/\\\/moulindelafayolle.fr\\\/\"},{\"@type\":\"ListItem\",\"position\":2,\"name\":\"Contact\"}]},{\"@type\":\"WebSite\",\"@id\":\"https:\\\/\\\/moulindelafayolle.fr\\\/#website\",\"url\":\"https:\\\/\\\/moulindelafayolle.fr\\\/\",\"name\":\"Moulin de la Fayolle\",\"description\":\"Maison d\u2019H\u00f4tes\",\"potentialAction\":[{\"@type\":\"SearchAction\",\"target\":{\"@type\":\"EntryPoint\",\"urlTemplate\":\"https:\\\/\\\/moulindelafayolle.fr\\\/?s={search_term_string}\"},\"query-input\":{\"@type\":\"PropertyValueSpecification\",\"valueRequired\":true,\"valueName\":\"search_term_string\"}}],\"inLanguage\":\"fr-FR\"}]}<\/script>\n<!-- \/ Yoast SEO plugin. -->","yoast_head_json":{"title":"Contact - Moulin de la Fayolle","robots":{"index":"index","follow":"follow","max-snippet":"max-snippet:-1","max-image-preview":"max-image-preview:large","max-video-preview":"max-video-preview:-1"},"canonical":"https:\/\/moulindelafayolle.fr\/contact\/","og_locale":"fr_FR","og_type":"article","og_title":"Contact - Moulin de la Fayolle","og_url":"https:\/\/moulindelafayolle.fr\/contact\/","og_site_name":"Moulin de la Fayolle","article_modified_time":"2023-12-15T13:57:46+00:00","twitter_card":"summary_large_image","twitter_misc":{"Est. reading time":"1 minute"},"schema":{"@context":"https:\/\/schema.org","@graph":[{"@type":"WebPage","@id":"https:\/\/moulindelafayolle.fr\/contact\/","url":"https:\/\/moulindelafayolle.fr\/contact\/","name":"Contact - Moulin de la Fayolle","isPartOf":{"@id":"https:\/\/moulindelafayolle.fr\/#website"},"datePublished":"2015-09-21T17:19:18+00:00","dateModified":"2023-12-15T13:57:46+00:00","description":"","breadcrumb":{"@id":"https:\/\/moulindelafayolle.fr\/contact\/#breadcrumb"},"inLanguage":"fr-FR","potentialAction":[{"@type":"ReadAction","target":["https:\/\/moulindelafayolle.fr\/contact\/"]}]},{"@type":"BreadcrumbList","@id":"https:\/\/moulindelafayolle.fr\/contact\/#breadcrumb","itemListElement":[{"@type":"ListItem","position":1,"name":"Home","item":"https:\/\/moulindelafayolle.fr\/"},{"@type":"ListItem","position":2,"name":"Contact"}]},{"@type":"WebSite","@id":"https:\/\/moulindelafayolle.fr\/#website","url":"https:\/\/moulindelafayolle.fr\/","name":"Moulin de la Fayolle","description":"Maison d\u2019H\u00f4tes","potentialAction":[{"@type":"SearchAction","target":{"@type":"EntryPoint","urlTemplate":"https:\/\/moulindelafayolle.fr\/?s={search_term_string}"},"query-input":{"@type":"PropertyValueSpecification","valueRequired":true,"valueName":"search_term_string"}}],"inLanguage":"fr-FR"}]}},"_links":{"self":[{"href":"https:\/\/moulindelafayolle.fr\/fr\/wp-json\/wp\/v2\/pages\/16","targetHints":{"allow":["GET"]}}],"collection":[{"href":"https:\/\/moulindelafayolle.fr\/fr\/wp-json\/wp\/v2\/pages"}],"about":[{"href":"https:\/\/moulindelafayolle.fr\/fr\/wp-json\/wp\/v2\/types\/page"}],"author":[{"embeddable":true,"href":"https:\/\/moulindelafayolle.fr\/fr\/wp-json\/wp\/v2\/users\/1"}],"replies":[{"embeddable":true,"href":"https:\/\/moulindelafayolle.fr\/fr\/wp-json\/wp\/v2\/comments?post=16"}],"version-history":[{"count":39,"href":"https:\/\/moulindelafayolle.fr\/fr\/wp-json\/wp\/v2\/pages\/16\/revisions"}],"predecessor-version":[{"id":1137,"href":"https:\/\/moulindelafayolle.fr\/fr\/wp-json\/wp\/v2\/pages\/16\/revisions\/1137"}],"wp:attachment":[{"href":"https:\/\/moulindelafayolle.fr\/fr\/wp-json\/wp\/v2\/media?parent=16"}],"curies":[{"name":"wp","href":"https:\/\/api.w.org\/{rel}","templated":true}]}}