{"id":235,"date":"2015-11-13T19:58:12","date_gmt":"2015-11-13T17:58:12","guid":{"rendered":"http:\/\/moulindelafayolle.fr\/?page_id=235"},"modified":"2024-09-01T22:33:18","modified_gmt":"2024-09-01T21:33:18","slug":"over-ons","status":"publish","type":"page","link":"https:\/\/moulindelafayolle.fr\/fr\/over-ons\/","title":{"rendered":"\u00e0 propos de nous"},"content":{"rendered":"<p><strong>Bienvenue au Moulin de la Fayolle, G\u00eete et chambres d&#8217;h\u00f4tes.<\/strong><br \/>\nNous esp\u00e9rons vous accueillir bient\u00f4t dans notre maison.<\/p>\n<p><img loading=\"lazy\" decoding=\"async\" class=\"\" src=\"https:\/\/moulindelafayolle.fr\/wp-content\/uploads\/2016\/11\/9-Bob-Jos.jpg\" width=\"528\" height=\"396\" \/><\/p>\n<p>Nous sommes Bob et Jos MUD, un couple de Hollandais, mari\u00e9s depuis 1982 et depuis 2014 nous sommes les heureux propri\u00e9taires du Moulin de la Fayolle, un ancien moulin \u00e0 eau situ\u00e9 dans les <em><strong>Gorges de la Sioule<\/strong><\/em>, qui font partie des <em><strong>Combrailles<\/strong><\/em> dans la r\u00e9gion <em><strong>Auvergne<\/strong><\/em>, une r\u00e9gion naturelle magnifique o\u00f9 vous pouvez passer de merveilleuses vacances.<\/p>\n<p>Regardez tranquillement les pages suivantes afin de d\u00e9couvrir tout ce que nous pouvons vous offrir pour un agr\u00e9able s\u00e9jour.<br \/>\nEn dehors d&#8217;une nuit dans l&#8217;une de nos luxueuses chambres (<em><strong>Janny<\/strong><\/em> et <em><strong>Annie<\/strong><\/em>), l&#8217;appartement (le <em><strong>g\u00eete<\/strong><\/em>) ou la grande chambre familiale (<em><strong>Chambre d&#8217;Amis<\/strong><\/em>), vous pouvez \u00e9galement profiter d&#8217;un sauna de style finlandais et d&#8217;une salle de massage o\u00f9 Bob pratique des massages de relaxation sur r\u00e9servation.<\/p>\n<p>Cette ann\u00e9e nous avons r\u00e9alis\u00e9 un grand hangar en bois dans lequel le sauna a trouv\u00e9 une nouvelle place, o\u00f9 nous stockons le bois de chauffage \u00e9t o\u00f9 nous avons fait une belle cuisine d&#8221;\u00e9t\u00e9 \u00e9largie, accessible \u00e0 tous et particuli\u00e8rement pratique pour les clients qui ont r\u00e9serv\u00e9 une chambre d\u2019h\u00f4te, mais qui ne veulent pas toujours aller au restaurant.<br \/>\nAu jardin, \u00eele <em><strong>Bareld<\/strong><\/em> vous offrira le calme et la tranquillit\u00e9 vous permettant de vous plonger dans un bon livre ou de vous laisser s\u00e9duire par les plaisirs de la p\u00eache(-\u00e0-la-mouche) . En avril 2023 nous avons r\u00e9alis\u00e9 une grande terrasse au bord de l&#8217;eau; Il y a des transats et des fauteuils \u00e0 votre disposition.<br \/>\nMais si vous pr\u00e9f\u00e9rez des activit\u00e9s plus sportives, vous pourrez canoter ou vous rafra\u00eechir en nageant dans la rivi\u00e8re ou bien jouer le <strong><em>p\u00e9tanque<\/em><\/strong> sur le <em><strong>boulodrome<\/strong><\/em>, qui a \u00e9t\u00e9 construit en juin 2023.<br \/>\nLa deuxi\u00e8me \u00eele, <strong><em>Dani\u00ebl<\/em><\/strong>, m\u00e9rite d&#8217;\u00eatre d\u00e9couverte p.e. cueillir les m\u00fbres ou trouver un bon coin de p\u00eache.<\/p>\n<p>De l&#8217;autre c\u00f4t\u00e9 de la propri\u00e9t\u00e9, un chemin forestier commence, qui vous offrira une merveilleuse promenade d&#8217;environ deux heures. Attention, il faut monter!<\/p>\n<p>En plus de notre G\u00eete et de nos chambres d&#8217;h\u00f4tes, nous avons deux emplacements spacieux avec \u00e9lectricit\u00e9, situ\u00e9s sur une prairie.<\/p>\n<p>Pour prendre contact et r\u00e9server, utilisez le formulaire <a href=\"https:\/\/moulindelafayolle.fr\/contact\/\">contact\/r\u00e9servations<\/a>.<br \/>\nEn principe vous recevrez une r\u00e9ponse dans les 24 heures.<\/p>\n<p>A bient\u00f4t.<\/p>\n<p>Pour nos conditions g\u00e9n\u00e9rales et pour le r\u00e8glement int\u00e9rieur,\u00a0Cliquez\u00a0<a href=\"https:\/\/moulindelafayolle.fr\/algemenevoorwaarden\/\" target=\"_blank\" rel=\"noopener noreferrer\">ici<\/a>.<\/p>\n<p><img loading=\"lazy\" decoding=\"async\" class=\"\" src=\"https:\/\/moulindelafayolle.fr\/wp-content\/uploads\/2016\/11\/5-kano%C3%ABrs-op-de-Sioule.jpg\" width=\"549\" height=\"411\" \/><\/p>\n","protected":false},"excerpt":{"rendered":"<p>Bienvenue au Moulin de la Fayolle, G\u00eete et chambres d&#8217;h\u00f4tes. Nous esp\u00e9rons vous accueillir bient\u00f4t dans notre maison. Nous sommes Bob et Jos MUD, un couple de Hollandais, mari\u00e9s depuis 1982 et depuis 2014 nous sommes les heureux propri\u00e9taires du Moulin de la Fayolle, un ancien moulin \u00e0 eau situ\u00e9 dans les Gorges de la [&hellip;]<\/p>\n","protected":false},"author":1,"featured_media":0,"parent":0,"menu_order":0,"comment_status":"closed","ping_status":"closed","template":"","meta":{"footnotes":""},"class_list":["post-235","page","type-page","status-publish","hentry"],"translation":{"provider":"WPGlobus","version":"3.0.2","language":"fr","enabled_languages":["nl","en","fr"],"languages":{"nl":{"title":true,"content":true,"excerpt":false},"en":{"title":true,"content":true,"excerpt":false},"fr":{"title":true,"content":true,"excerpt":false}}},"yoast_head":"<!-- This site is optimized with the Yoast SEO plugin v27.3 - https:\/\/yoast.com\/product\/yoast-seo-wordpress\/ -->\n<title>\u00e0 propos de nous - Moulin de la Fayolle<\/title>\n<meta name=\"robots\" content=\"index, follow, max-snippet:-1, max-image-preview:large, max-video-preview:-1\" \/>\n<link rel=\"canonical\" href=\"https:\/\/moulindelafayolle.fr\/over-ons\/\" \/>\n<meta property=\"og:locale\" content=\"fr_FR\" \/>\n<meta property=\"og:type\" content=\"article\" \/>\n<meta property=\"og:title\" content=\"\u00e0 propos de nous - Moulin de la Fayolle\" \/>\n<meta property=\"og:url\" content=\"https:\/\/moulindelafayolle.fr\/over-ons\/\" \/>\n<meta property=\"og:site_name\" content=\"Moulin de la Fayolle\" \/>\n<meta property=\"article:modified_time\" content=\"2024-09-01T21:33:18+00:00\" \/>\n<meta property=\"og:image\" content=\"https:\/\/moulindelafayolle.fr\/wp-content\/uploads\/2016\/11\/9-Bob-Jos.jpg\" \/>\n<meta name=\"twitter:card\" content=\"summary_large_image\" \/>\n<meta name=\"twitter:label1\" content=\"Est. reading time\" \/>\n\t<meta name=\"twitter:data1\" content=\"3 minutes\" \/>\n<script type=\"application\/ld+json\" class=\"yoast-schema-graph\">{\"@context\":\"https:\\\/\\\/schema.org\",\"@graph\":[{\"@type\":\"WebPage\",\"@id\":\"https:\\\/\\\/moulindelafayolle.fr\\\/over-ons\\\/\",\"url\":\"https:\\\/\\\/moulindelafayolle.fr\\\/over-ons\\\/\",\"name\":\"\u00e0 propos de nous - Moulin de la Fayolle\",\"isPartOf\":{\"@id\":\"https:\\\/\\\/moulindelafayolle.fr\\\/#website\"},\"primaryImageOfPage\":{\"@id\":\"https:\\\/\\\/moulindelafayolle.fr\\\/over-ons\\\/#primaryimage\"},\"image\":{\"@id\":\"https:\\\/\\\/moulindelafayolle.fr\\\/over-ons\\\/#primaryimage\"},\"thumbnailUrl\":\"https:\\\/\\\/moulindelafayolle.fr\\\/wp-content\\\/uploads\\\/2016\\\/11\\\/9-Bob-Jos.jpg\",\"datePublished\":\"2015-11-13T17:58:12+00:00\",\"dateModified\":\"2024-09-01T21:33:18+00:00\",\"breadcrumb\":{\"@id\":\"https:\\\/\\\/moulindelafayolle.fr\\\/over-ons\\\/#breadcrumb\"},\"inLanguage\":\"fr-FR\",\"potentialAction\":[{\"@type\":\"ReadAction\",\"target\":[\"https:\\\/\\\/moulindelafayolle.fr\\\/over-ons\\\/\"]}]},{\"@type\":\"ImageObject\",\"inLanguage\":\"fr-FR\",\"@id\":\"https:\\\/\\\/moulindelafayolle.fr\\\/over-ons\\\/#primaryimage\",\"url\":\"https:\\\/\\\/moulindelafayolle.fr\\\/wp-content\\\/uploads\\\/2016\\\/11\\\/9-Bob-Jos.jpg\",\"contentUrl\":\"https:\\\/\\\/moulindelafayolle.fr\\\/wp-content\\\/uploads\\\/2016\\\/11\\\/9-Bob-Jos.jpg\"},{\"@type\":\"BreadcrumbList\",\"@id\":\"https:\\\/\\\/moulindelafayolle.fr\\\/over-ons\\\/#breadcrumb\",\"itemListElement\":[{\"@type\":\"ListItem\",\"position\":1,\"name\":\"Home\",\"item\":\"https:\\\/\\\/moulindelafayolle.fr\\\/\"},{\"@type\":\"ListItem\",\"position\":2,\"name\":\"Over ons\"}]},{\"@type\":\"WebSite\",\"@id\":\"https:\\\/\\\/moulindelafayolle.fr\\\/#website\",\"url\":\"https:\\\/\\\/moulindelafayolle.fr\\\/\",\"name\":\"Moulin de la Fayolle\",\"description\":\"Maison d\u2019H\u00f4tes\",\"potentialAction\":[{\"@type\":\"SearchAction\",\"target\":{\"@type\":\"EntryPoint\",\"urlTemplate\":\"https:\\\/\\\/moulindelafayolle.fr\\\/?s={search_term_string}\"},\"query-input\":{\"@type\":\"PropertyValueSpecification\",\"valueRequired\":true,\"valueName\":\"search_term_string\"}}],\"inLanguage\":\"fr-FR\"}]}<\/script>\n<!-- \/ Yoast SEO plugin. -->","yoast_head_json":{"title":"\u00e0 propos de nous - Moulin de la Fayolle","robots":{"index":"index","follow":"follow","max-snippet":"max-snippet:-1","max-image-preview":"max-image-preview:large","max-video-preview":"max-video-preview:-1"},"canonical":"https:\/\/moulindelafayolle.fr\/over-ons\/","og_locale":"fr_FR","og_type":"article","og_title":"\u00e0 propos de nous - Moulin de la Fayolle","og_url":"https:\/\/moulindelafayolle.fr\/over-ons\/","og_site_name":"Moulin de la Fayolle","article_modified_time":"2024-09-01T21:33:18+00:00","og_image":[{"url":"https:\/\/moulindelafayolle.fr\/wp-content\/uploads\/2016\/11\/9-Bob-Jos.jpg","type":"","width":"","height":""}],"twitter_card":"summary_large_image","twitter_misc":{"Est. reading time":"3 minutes"},"schema":{"@context":"https:\/\/schema.org","@graph":[{"@type":"WebPage","@id":"https:\/\/moulindelafayolle.fr\/over-ons\/","url":"https:\/\/moulindelafayolle.fr\/over-ons\/","name":"\u00e0 propos de nous - Moulin de la Fayolle","isPartOf":{"@id":"https:\/\/moulindelafayolle.fr\/#website"},"primaryImageOfPage":{"@id":"https:\/\/moulindelafayolle.fr\/over-ons\/#primaryimage"},"image":{"@id":"https:\/\/moulindelafayolle.fr\/over-ons\/#primaryimage"},"thumbnailUrl":"https:\/\/moulindelafayolle.fr\/wp-content\/uploads\/2016\/11\/9-Bob-Jos.jpg","datePublished":"2015-11-13T17:58:12+00:00","dateModified":"2024-09-01T21:33:18+00:00","breadcrumb":{"@id":"https:\/\/moulindelafayolle.fr\/over-ons\/#breadcrumb"},"inLanguage":"fr-FR","potentialAction":[{"@type":"ReadAction","target":["https:\/\/moulindelafayolle.fr\/over-ons\/"]}]},{"@type":"ImageObject","inLanguage":"fr-FR","@id":"https:\/\/moulindelafayolle.fr\/over-ons\/#primaryimage","url":"https:\/\/moulindelafayolle.fr\/wp-content\/uploads\/2016\/11\/9-Bob-Jos.jpg","contentUrl":"https:\/\/moulindelafayolle.fr\/wp-content\/uploads\/2016\/11\/9-Bob-Jos.jpg"},{"@type":"BreadcrumbList","@id":"https:\/\/moulindelafayolle.fr\/over-ons\/#breadcrumb","itemListElement":[{"@type":"ListItem","position":1,"name":"Home","item":"https:\/\/moulindelafayolle.fr\/"},{"@type":"ListItem","position":2,"name":"Over ons"}]},{"@type":"WebSite","@id":"https:\/\/moulindelafayolle.fr\/#website","url":"https:\/\/moulindelafayolle.fr\/","name":"Moulin de la Fayolle","description":"Maison d\u2019H\u00f4tes","potentialAction":[{"@type":"SearchAction","target":{"@type":"EntryPoint","urlTemplate":"https:\/\/moulindelafayolle.fr\/?s={search_term_string}"},"query-input":{"@type":"PropertyValueSpecification","valueRequired":true,"valueName":"search_term_string"}}],"inLanguage":"fr-FR"}]}},"_links":{"self":[{"href":"https:\/\/moulindelafayolle.fr\/fr\/wp-json\/wp\/v2\/pages\/235","targetHints":{"allow":["GET"]}}],"collection":[{"href":"https:\/\/moulindelafayolle.fr\/fr\/wp-json\/wp\/v2\/pages"}],"about":[{"href":"https:\/\/moulindelafayolle.fr\/fr\/wp-json\/wp\/v2\/types\/page"}],"author":[{"embeddable":true,"href":"https:\/\/moulindelafayolle.fr\/fr\/wp-json\/wp\/v2\/users\/1"}],"replies":[{"embeddable":true,"href":"https:\/\/moulindelafayolle.fr\/fr\/wp-json\/wp\/v2\/comments?post=235"}],"version-history":[{"count":79,"href":"https:\/\/moulindelafayolle.fr\/fr\/wp-json\/wp\/v2\/pages\/235\/revisions"}],"predecessor-version":[{"id":1233,"href":"https:\/\/moulindelafayolle.fr\/fr\/wp-json\/wp\/v2\/pages\/235\/revisions\/1233"}],"wp:attachment":[{"href":"https:\/\/moulindelafayolle.fr\/fr\/wp-json\/wp\/v2\/media?parent=235"}],"curies":[{"name":"wp","href":"https:\/\/api.w.org\/{rel}","templated":true}]}}