{"id":306,"date":"2015-11-15T20:28:45","date_gmt":"2015-11-15T18:28:45","guid":{"rendered":"http:\/\/moulindelafayolle.fr\/?page_id=306"},"modified":"2024-07-08T09:54:23","modified_gmt":"2024-07-08T08:54:23","slug":"algemenevoorwaarden","status":"publish","type":"page","link":"https:\/\/moulindelafayolle.fr\/fr\/algemenevoorwaarden\/","title":{"rendered":"Conditions g\u00e9n\u00e9rales de vente"},"content":{"rendered":"<p>Conditions g\u00e9n\u00e9rales de vente<\/p>\n<p>Pour la location et de rester dans un de nos logements, les conditions et les r\u00e8gles de location et de paiement suivants.<\/p>\n<p>Si vous avez des questions sur les conditions de Moulin de la Fayolle, s&#8217;il vous pla\u00eet remplir le formulaire de contact, ou E-mail ou appelez pouvez bien s\u00fbr aussi.<\/p>\n<p>Suivant les r\u00e8gles g\u00e9n\u00e9rales de l&#8217;immobilier font \u00e9galement partie des conditions:<\/p>\n<ul>\n<li>Les animaux sont interdits.<\/li>\n<li>Notre maison et la terrasse attenante sont des espaces non-fumeurs. Vous \u00eates invit\u00e9s \u00e0 fumer \u00e0 l&#8217;ext\u00e9rieur.<\/li>\n<li>Le petit d\u00e9jeuner est servi de 08h00 \u00e0 9h30 (sauf convention contraire).<\/li>\n<\/ul>\n<p>Conditions<\/p>\n<ol>\n<li><strong>R\u00e9servation et paiement<\/strong><br \/>\nLes r\u00e9servations peuvent \u00eatre faites par mail ou par t\u00e9l\u00e9phone. Apr\u00e8s notre confirmation de votre r\u00e9servation dans les 14 jours, sauf convention contraire, \u00eatre pay\u00e9 un acompte de 50% du total. D\u00e8s r\u00e9ception de l&#8217;acompte de la r\u00e9servation est d\u00e9finitive. Vous recevrez une confirmation par e-mail. Le montant restant devra \u00eatre r\u00e9gl\u00e9 \u00e0 l&#8217;arriv\u00e9e.<\/li>\n<li><strong>Propri\u00e9taire<\/strong><br \/>\nPar le propri\u00e9taire, nous entendons: Bob et Jos Mud, Moulin de la Fayolle, Route de Lisseuil 1, 63440 Blot-\u00c9glise, France. T\u00e9l\u00e9phone: +33(0)630473627, email: info@moulindelafayolle.fr.<\/li>\n<li><strong>P\u00e9riode de location<\/strong><br \/>\nLes r\u00e9servations pour l&#8217;appartement sont possibles pour une p\u00e9riode d&#8217;au moins 3 nuits. La p\u00e9riode de location commence en principe sur le premier jour de location \u00e0 15h00 et se termine le dernier jour de location \u00e0 11.00. Des d\u00e9rogations sont admises en cas d&#8217;accord de le faire par \u00e9crit \u00e0 des jours diff\u00e9rents et \/ ou des temps pour le d\u00e9but et \/ ou fin de bail par le locataire et le propri\u00e9taire.<br \/>\nLes chambres &#8220;Janny&#8221;, &#8220;Annie&#8221; ou &#8220;Chambre d&#8217;Amis&#8221; peuvent \u00eatre lou\u00e9s pour une ou plusieurs nuits; cependant, pendant les mois de juillet et ao\u00fbt les chambres peuvent \u00eatre lou\u00e9s a partir de 2 nuits.<\/li>\n<li><strong>Prix \u200b\u200bhaute et basse saison<\/strong><br \/>\nAucune distinction est faite en ce moment dans les taux de haute et basse saison (les r\u00e9ductions sont d\u00e9j\u00e0 inclus dans le prix).<\/li>\n<li><strong>Cote<\/strong><br \/>\nSi en raison de circonstances ind\u00e9pendantes de la location avant le d\u00e9but ou au cours de la p\u00e9riode de location inhabitable ou a \u00e9t\u00e9 durement frapp\u00e9e habitable, locateur remboursera une partie proportionnelle du loyer pay\u00e9. En outre, si on le souhaite, le propri\u00e9taire devra servir de m\u00e9diateur pour trouver une solution de relogement. Le propri\u00e9taire, cependant, est pas responsable pour plus de dommages de quelque nature que ce soit, par la force majeure. Celles-ci comprennent les conditions qui pourraient affecter la qualit\u00e9 du s\u00e9jour dans l&#8217;appartement, tels que les incendies, les inondations, les pr\u00e9cipitations anormales, temp\u00eate, les nuisances olfactives, l&#8217;eau et panne de courant et d&#8217;autres influences externes.<\/li>\n<li><strong>Co\u00fbts inclus<\/strong><br \/>\nDes co\u00fbts d&#8217;utilisation de l&#8217;eau et l&#8217;\u00e9lectricit\u00e9 sont inclus dans le loyer, ainsi que la taxe de s\u00e9jour. Les frais de nettoyage sont r\u00e9pertori\u00e9s s\u00e9par\u00e9ment dans la liste des tarifs. Les locataires doivent laisser l&#8217;appartement et les chambres en ordre.<\/li>\n<li><strong>Payer le loyer<\/strong><br \/>\nLe paiement du loyer lieu en deux tranches, \u00e0 l&#8217;exception des situations \u00e9num\u00e9r\u00e9es au point 7.3 de ces conditions. Apr\u00e8s la premi\u00e8re tranche a \u00e9t\u00e9 pay\u00e9e, le locataire re\u00e7oit une confirmation de r\u00e9ception de ce paiement, ainsi que la date nous vous attendons au Moulin de la Fayolle.<br \/>\nLe premier versement est de 50% du total, comme indiqu\u00e9 sur le bail. Ceux-ci doivent \u00eatre faites dans les 14 jours apr\u00e8s la date du contrat de location sign\u00e9 (par des vacanciers n\u00e9erlandais) num\u00e9ro IBAN du nom NL20INGB0003923504 de B.A.R. MUD.<br \/>\nLocataires non-n\u00e9erlandaises utilisent IBAN FR7616806022006606513866361 nom de M. ou Mme MUD Bob Albertus, Moulin de la Fayolle, Blot-\u00c9glise, France. Code BIC: AGRIFRPP868.<br \/>\nLa deuxi\u00e8me p\u00e9riode (les 50% restants de la location) est n\u00e9cessaire avant l&#8217;arriv\u00e9e ou \u00e0 l&#8217;arriv\u00e9e de pay\u00e9 la p\u00e9riode de location au point 7.1. ce paiement ou en esp\u00e8ces.<br \/>\nDans un contrat, ce qui est moins de quatre semaines est conclu avant le d\u00e9but de la p\u00e9riode de location convenue, le montant total dans les 7 jours apr\u00e8s la date du contrat de location sign\u00e9 \u00e0 verser au paragraphe 7.1 ci-dessus paiement.<br \/>\n\u00c0 l&#8217;arriv\u00e9e \u20ac d\u00e9p\u00f4t de 50 esp\u00e8ces \u00e0 verser. Le d\u00e9p\u00f4t est de faire payer pour tout dommage caus\u00e9 par le locataire et, si elle est av\u00e9r\u00e9e inutile \u00e0 la fin de la p\u00e9riode de location tr\u00e9sorerie rembours\u00e9s.<\/li>\n<li><strong>Voyage et l&#8217;assurance annulation<\/strong><br \/>\nIl est important que le locataire est lui-m\u00eame un Voyage et \/ ou d&#8217;annulation d&#8217;arr\u00eat. Indemnisation pour les frais encourus peut ensuite \u00eatre d\u00e9pos\u00e9 aupr\u00e8s de l&#8217;assurance.<br \/>\nLes annulations doivent \u00eatre faites par t\u00e9l\u00e9phone ou par e-mail. En cas d&#8217;annulation, les frais suivants:<br \/>\n&#8211; Annulation jusqu&#8217;\u00e0 deux semaines avant l&#8217;arriv\u00e9e: gratuit. En cas d&#8217;annulation jusqu\u2019\u00e0 2 semaines avant le jour d&#8217;arriv\u00e9e: 50% du prix de la location.\u00a0 \u00a0 \u00a0 \u00a0 \u00a0 \u00a0 \u00a0 \u00a0 \u00a0 \u00a0 \u00a0 \u00a0 \u00a0 \u00a0 \u00a0 \u00a0 \u00a0 \u00a0 \u00a0 \u00a0 \u00a0 \u00a0 \u00a0 \u00a0 \u00a0 \u00a0 \u00a0 \u00a0 \u00a0 \u00a0 \u00a0 \u00a0 \u00a0 \u00a0 \u00a0 \u00a0 \u00a0 Faut-il pour (une partie de) la location trouver un locataire de remplacement, le montant total sera rembours\u00e9 proportionnellement.<\/li>\n<li><strong>Dommages<\/strong><br \/>\nEndommager dans, autour et \/ ou \u00e0 l&#8217;\u00e9gard de l&#8217;immeuble lou\u00e9, le locataire doit informer le propri\u00e9taire. En cas de n\u00e9gligence grave \/ n\u00e9gligence du locataire sera le dommage \u00e0 lui \/ elle \u00eatre r\u00e9cup\u00e9r\u00e9e.<\/li>\n<li><strong>Responsabilit\u00e9<\/strong><br \/>\nLe propri\u00e9taire est pas responsable:<br \/>\n&#8211; Dommages ou vol de biens du locataire<br \/>\n&#8211; Accident ou de blessure du locataire pendant le s\u00e9jour moins qu&#8217;il y ait n\u00e9gligence ou un manquement par le propri\u00e9taire.<br \/>\nLes locataires sont responsables des dommages aux locaux, les motifs et les dommages aux biens des autres locataires. Cela vaut \u00e9galement pour ses co-locataires, les animaux et les visiteurs autoris\u00e9s par le locataire.<br \/>\nCes conditions et les fr\u00e9quentes disputes sont soumis au droit fran\u00e7ais.<\/li>\n<\/ol>\n","protected":false},"excerpt":{"rendered":"<p>Conditions g\u00e9n\u00e9rales de vente Pour la location et de rester dans un de nos logements, les conditions et les r\u00e8gles de location et de paiement suivants. Si vous avez des questions sur les conditions de Moulin de la Fayolle, s&#8217;il vous pla\u00eet remplir le formulaire de contact, ou E-mail ou appelez pouvez bien s\u00fbr aussi. [&hellip;]<\/p>\n","protected":false},"author":1,"featured_media":0,"parent":0,"menu_order":0,"comment_status":"closed","ping_status":"closed","template":"","meta":{"footnotes":""},"class_list":["post-306","page","type-page","status-publish","hentry"],"translation":{"provider":"WPGlobus","version":"3.0.2","language":"fr","enabled_languages":["nl","en","fr"],"languages":{"nl":{"title":true,"content":true,"excerpt":false},"en":{"title":true,"content":true,"excerpt":false},"fr":{"title":true,"content":true,"excerpt":false}}},"yoast_head":"<!-- This site is optimized with the Yoast SEO plugin v27.3 - https:\/\/yoast.com\/product\/yoast-seo-wordpress\/ -->\n<title>Conditions g\u00e9n\u00e9rales de vente - Moulin de la Fayolle<\/title>\n<meta name=\"robots\" content=\"index, follow, max-snippet:-1, max-image-preview:large, max-video-preview:-1\" \/>\n<link rel=\"canonical\" href=\"https:\/\/moulindelafayolle.fr\/algemenevoorwaarden\/\" \/>\n<meta property=\"og:locale\" content=\"fr_FR\" \/>\n<meta property=\"og:type\" content=\"article\" \/>\n<meta property=\"og:title\" content=\"Conditions g\u00e9n\u00e9rales de vente - Moulin de la Fayolle\" \/>\n<meta property=\"og:url\" content=\"https:\/\/moulindelafayolle.fr\/algemenevoorwaarden\/\" \/>\n<meta property=\"og:site_name\" content=\"Moulin de la Fayolle\" \/>\n<meta property=\"article:modified_time\" content=\"2024-07-08T08:54:23+00:00\" \/>\n<meta name=\"twitter:card\" content=\"summary_large_image\" \/>\n<meta name=\"twitter:label1\" content=\"Est. reading time\" \/>\n\t<meta name=\"twitter:data1\" content=\"5 minutes\" \/>\n<script type=\"application\/ld+json\" class=\"yoast-schema-graph\">{\"@context\":\"https:\\\/\\\/schema.org\",\"@graph\":[{\"@type\":\"WebPage\",\"@id\":\"https:\\\/\\\/moulindelafayolle.fr\\\/algemenevoorwaarden\\\/\",\"url\":\"https:\\\/\\\/moulindelafayolle.fr\\\/algemenevoorwaarden\\\/\",\"name\":\"Conditions g\u00e9n\u00e9rales de vente - Moulin de la Fayolle\",\"isPartOf\":{\"@id\":\"https:\\\/\\\/moulindelafayolle.fr\\\/#website\"},\"datePublished\":\"2015-11-15T18:28:45+00:00\",\"dateModified\":\"2024-07-08T08:54:23+00:00\",\"breadcrumb\":{\"@id\":\"https:\\\/\\\/moulindelafayolle.fr\\\/algemenevoorwaarden\\\/#breadcrumb\"},\"inLanguage\":\"fr-FR\",\"potentialAction\":[{\"@type\":\"ReadAction\",\"target\":[\"https:\\\/\\\/moulindelafayolle.fr\\\/algemenevoorwaarden\\\/\"]}]},{\"@type\":\"BreadcrumbList\",\"@id\":\"https:\\\/\\\/moulindelafayolle.fr\\\/algemenevoorwaarden\\\/#breadcrumb\",\"itemListElement\":[{\"@type\":\"ListItem\",\"position\":1,\"name\":\"Home\",\"item\":\"https:\\\/\\\/moulindelafayolle.fr\\\/\"},{\"@type\":\"ListItem\",\"position\":2,\"name\":\"Algemene voorwaarden\"}]},{\"@type\":\"WebSite\",\"@id\":\"https:\\\/\\\/moulindelafayolle.fr\\\/#website\",\"url\":\"https:\\\/\\\/moulindelafayolle.fr\\\/\",\"name\":\"Moulin de la Fayolle\",\"description\":\"Maison d\u2019H\u00f4tes\",\"potentialAction\":[{\"@type\":\"SearchAction\",\"target\":{\"@type\":\"EntryPoint\",\"urlTemplate\":\"https:\\\/\\\/moulindelafayolle.fr\\\/?s={search_term_string}\"},\"query-input\":{\"@type\":\"PropertyValueSpecification\",\"valueRequired\":true,\"valueName\":\"search_term_string\"}}],\"inLanguage\":\"fr-FR\"}]}<\/script>\n<!-- \/ Yoast SEO plugin. -->","yoast_head_json":{"title":"Conditions g\u00e9n\u00e9rales de vente - Moulin de la Fayolle","robots":{"index":"index","follow":"follow","max-snippet":"max-snippet:-1","max-image-preview":"max-image-preview:large","max-video-preview":"max-video-preview:-1"},"canonical":"https:\/\/moulindelafayolle.fr\/algemenevoorwaarden\/","og_locale":"fr_FR","og_type":"article","og_title":"Conditions g\u00e9n\u00e9rales de vente - Moulin de la Fayolle","og_url":"https:\/\/moulindelafayolle.fr\/algemenevoorwaarden\/","og_site_name":"Moulin de la Fayolle","article_modified_time":"2024-07-08T08:54:23+00:00","twitter_card":"summary_large_image","twitter_misc":{"Est. reading time":"5 minutes"},"schema":{"@context":"https:\/\/schema.org","@graph":[{"@type":"WebPage","@id":"https:\/\/moulindelafayolle.fr\/algemenevoorwaarden\/","url":"https:\/\/moulindelafayolle.fr\/algemenevoorwaarden\/","name":"Conditions g\u00e9n\u00e9rales de vente - Moulin de la Fayolle","isPartOf":{"@id":"https:\/\/moulindelafayolle.fr\/#website"},"datePublished":"2015-11-15T18:28:45+00:00","dateModified":"2024-07-08T08:54:23+00:00","breadcrumb":{"@id":"https:\/\/moulindelafayolle.fr\/algemenevoorwaarden\/#breadcrumb"},"inLanguage":"fr-FR","potentialAction":[{"@type":"ReadAction","target":["https:\/\/moulindelafayolle.fr\/algemenevoorwaarden\/"]}]},{"@type":"BreadcrumbList","@id":"https:\/\/moulindelafayolle.fr\/algemenevoorwaarden\/#breadcrumb","itemListElement":[{"@type":"ListItem","position":1,"name":"Home","item":"https:\/\/moulindelafayolle.fr\/"},{"@type":"ListItem","position":2,"name":"Algemene voorwaarden"}]},{"@type":"WebSite","@id":"https:\/\/moulindelafayolle.fr\/#website","url":"https:\/\/moulindelafayolle.fr\/","name":"Moulin de la Fayolle","description":"Maison d\u2019H\u00f4tes","potentialAction":[{"@type":"SearchAction","target":{"@type":"EntryPoint","urlTemplate":"https:\/\/moulindelafayolle.fr\/?s={search_term_string}"},"query-input":{"@type":"PropertyValueSpecification","valueRequired":true,"valueName":"search_term_string"}}],"inLanguage":"fr-FR"}]}},"_links":{"self":[{"href":"https:\/\/moulindelafayolle.fr\/fr\/wp-json\/wp\/v2\/pages\/306","targetHints":{"allow":["GET"]}}],"collection":[{"href":"https:\/\/moulindelafayolle.fr\/fr\/wp-json\/wp\/v2\/pages"}],"about":[{"href":"https:\/\/moulindelafayolle.fr\/fr\/wp-json\/wp\/v2\/types\/page"}],"author":[{"embeddable":true,"href":"https:\/\/moulindelafayolle.fr\/fr\/wp-json\/wp\/v2\/users\/1"}],"replies":[{"embeddable":true,"href":"https:\/\/moulindelafayolle.fr\/fr\/wp-json\/wp\/v2\/comments?post=306"}],"version-history":[{"count":33,"href":"https:\/\/moulindelafayolle.fr\/fr\/wp-json\/wp\/v2\/pages\/306\/revisions"}],"predecessor-version":[{"id":1208,"href":"https:\/\/moulindelafayolle.fr\/fr\/wp-json\/wp\/v2\/pages\/306\/revisions\/1208"}],"wp:attachment":[{"href":"https:\/\/moulindelafayolle.fr\/fr\/wp-json\/wp\/v2\/media?parent=306"}],"curies":[{"name":"wp","href":"https:\/\/api.w.org\/{rel}","templated":true}]}}